{"id":365,"date":"2023-04-05T08:17:19","date_gmt":"2023-04-05T08:17:19","guid":{"rendered":"https:\/\/www.jfornt.com\/nosotros\/"},"modified":"2023-06-13T16:23:09","modified_gmt":"2023-06-13T16:23:09","slug":"nosotros","status":"publish","type":"page","link":"https:\/\/www.jfornt.com\/es\/nosotros\/","title":{"rendered":"Nosotros"},"content":{"rendered":"<div class=\"fusion-fullwidth fullwidth-box fusion-builder-row-1 fusion-flex-container has-pattern-background has-mask-background nonhundred-percent-fullwidth non-hundred-percent-height-scrolling\" style=\"--awb-border-radius-top-left:0px;--awb-border-radius-top-right:0px;--awb-border-radius-bottom-right:0px;--awb-border-radius-bottom-left:0px;--awb-padding-right:0px;--awb-padding-left:0px;--awb-margin-top:0px;--awb-margin-bottom:0px;--awb-flex-wrap:wrap;\" ><div class=\"fusion-builder-row fusion-row fusion-flex-align-items-flex-start fusion-flex-content-wrap\" style=\"max-width:1305.6px;margin-left: calc(-2% \/ 2 );margin-right: calc(-2% \/ 2 );\"><div class=\"fusion-layout-column fusion_builder_column fusion-builder-column-0 fusion_builder_column_1_2 1_2 fusion-flex-column\" style=\"--awb-bg-size:cover;--awb-width-large:50%;--awb-margin-top-large:0px;--awb-spacing-right-large:0px;--awb-margin-bottom-large:0px;--awb-spacing-left-large:1.96%;--awb-width-medium:50%;--awb-order-medium:0;--awb-spacing-right-medium:0px;--awb-spacing-left-medium:1.96%;--awb-width-small:100%;--awb-order-small:0;--awb-spacing-right-small:0.98%;--awb-spacing-left-small:0.98%;\" data-scroll-devices=\"small-visibility,medium-visibility,large-visibility\"><div class=\"fusion-column-wrapper fusion-column-has-shadow fusion-flex-justify-content-flex-start fusion-content-layout-column\"><div class=\"fusion-image-element \" style=\"--awb-caption-title-font-family:var(--h2_typography-font-family);--awb-caption-title-font-weight:var(--h2_typography-font-weight);--awb-caption-title-font-style:var(--h2_typography-font-style);--awb-caption-title-size:var(--h2_typography-font-size);--awb-caption-title-transform:var(--h2_typography-text-transform);--awb-caption-title-line-height:var(--h2_typography-line-height);--awb-caption-title-letter-spacing:var(--h2_typography-letter-spacing);\"><span class=\" fusion-imageframe imageframe-none imageframe-1 hover-type-none\"><img decoding=\"async\" width=\"1600\" height=\"900\" alt=\"Jardiner\u00eda Fornt - Dise\u00f1o y realizaci\u00f3n de patios y jardines - Nosotros\" title=\"Jardiner\u00eda Fornt &#8211; Dise\u00f1o y realizaci\u00f3n de patios y jardines &#8211; Nosotros\" src=\"https:\/\/www.jfornt.com\/wp-content\/uploads\/2023\/05\/Nosaltres.jpg\" class=\"img-responsive wp-image-321\" srcset=\"https:\/\/www.jfornt.com\/wp-content\/uploads\/2023\/05\/Nosaltres-200x113.jpg 200w, https:\/\/www.jfornt.com\/wp-content\/uploads\/2023\/05\/Nosaltres-400x225.jpg 400w, https:\/\/www.jfornt.com\/wp-content\/uploads\/2023\/05\/Nosaltres-600x338.jpg 600w, https:\/\/www.jfornt.com\/wp-content\/uploads\/2023\/05\/Nosaltres-800x450.jpg 800w, https:\/\/www.jfornt.com\/wp-content\/uploads\/2023\/05\/Nosaltres-1200x675.jpg 1200w, https:\/\/www.jfornt.com\/wp-content\/uploads\/2023\/05\/Nosaltres.jpg 1600w\" sizes=\"(max-width: 640px) 100vw, 800px\" \/><\/span><\/div><\/div><\/div><div class=\"fusion-layout-column fusion_builder_column fusion-builder-column-1 fusion_builder_column_1_2 1_2 fusion-flex-column fusion-flex-align-self-center\" style=\"--awb-padding-right:40px;--awb-padding-bottom:40px;--awb-padding-left:40px;--awb-padding-right-small:0px;--awb-padding-left-small:0px;--awb-bg-size:cover;--awb-width-large:50%;--awb-margin-top-large:0px;--awb-spacing-right-large:1.96%;--awb-margin-bottom-large:0px;--awb-spacing-left-large:0px;--awb-width-medium:50%;--awb-order-medium:0;--awb-spacing-right-medium:1.96%;--awb-spacing-left-medium:0px;--awb-width-small:100%;--awb-order-small:0;--awb-margin-top-small:20px;--awb-spacing-right-small:0.98%;--awb-spacing-left-small:0.98%;\" data-scroll-devices=\"small-visibility,medium-visibility,large-visibility\"><div class=\"fusion-column-wrapper fusion-column-has-shadow fusion-flex-justify-content-center fusion-content-layout-column\"><div class=\"fusion-text fusion-text-1\"><h1>NOSOTROS<\/h1>\n<p>Jardinera Fornt es una empresa familiar que naci\u00f3 de la pasi\u00f3n de M.J. Fornt y Raimon Corber\u00f3, madre e hijo, por los jardines y los espacios verdes. En los cuarenta a\u00f1os de su trayectoria, la empresa se ha ido adaptando a las nuevas tendencias de dise\u00f1o y construcci\u00f3n, as\u00ed como ha ampliado la mirada hacia los espacios naturales como elementos indispensables para el bienestar y la salud.<\/p>\n<\/div><\/div><\/div><\/div><\/div>\n","protected":false},"excerpt":{"rendered":"","protected":false},"author":1,"featured_media":0,"parent":0,"menu_order":0,"comment_status":"closed","ping_status":"closed","template":"","meta":{"footnotes":""},"class_list":["post-365","page","type-page","status-publish","hentry"],"aioseo_notices":[],"_links":{"self":[{"href":"https:\/\/www.jfornt.com\/es\/wp-json\/wp\/v2\/pages\/365","targetHints":{"allow":["GET"]}}],"collection":[{"href":"https:\/\/www.jfornt.com\/es\/wp-json\/wp\/v2\/pages"}],"about":[{"href":"https:\/\/www.jfornt.com\/es\/wp-json\/wp\/v2\/types\/page"}],"author":[{"embeddable":true,"href":"https:\/\/www.jfornt.com\/es\/wp-json\/wp\/v2\/users\/1"}],"replies":[{"embeddable":true,"href":"https:\/\/www.jfornt.com\/es\/wp-json\/wp\/v2\/comments?post=365"}],"version-history":[{"count":0,"href":"https:\/\/www.jfornt.com\/es\/wp-json\/wp\/v2\/pages\/365\/revisions"}],"wp:attachment":[{"href":"https:\/\/www.jfornt.com\/es\/wp-json\/wp\/v2\/media?parent=365"}],"curies":[{"name":"wp","href":"https:\/\/api.w.org\/{rel}","templated":true}]}}